{"id":194,"date":"2022-12-07T13:30:04","date_gmt":"2022-12-07T12:30:04","guid":{"rendered":"http:\/\/lerepitasbl.be\/?page_id=194"},"modified":"2024-03-15T16:40:42","modified_gmt":"2024-03-15T15:40:42","slug":"projet-citoyen-kfe-alternatif","status":"publish","type":"page","link":"https:\/\/lerepitasbl.be\/index.php\/projet-citoyen-kfe-alternatif\/","title":{"rendered":"Projet citoyen \u00ab\u00a0Kf\u00e9 Alternatif\u00a0\u00bb"},"content":{"rendered":"\t\t<div data-elementor-type=\"wp-page\" data-elementor-id=\"194\" class=\"elementor elementor-194\">\n\t\t\t\t\t\t\t\t\t<section class=\"elementor-section elementor-top-section elementor-element elementor-element-7e84f02 elementor-section-boxed elementor-section-height-default elementor-section-height-default\" data-id=\"7e84f02\" data-element_type=\"section\">\n\t\t\t\t\t\t<div class=\"elementor-container elementor-column-gap-default\">\n\t\t\t\t\t<div class=\"elementor-column elementor-col-50 elementor-top-column elementor-element elementor-element-5690ec7\" data-id=\"5690ec7\" data-element_type=\"column\">\n\t\t\t<div class=\"elementor-widget-wrap elementor-element-populated\">\n\t\t\t\t\t\t\t\t<div class=\"elementor-element elementor-element-f4d9b97 elementor-widget elementor-widget-text-editor\" data-id=\"f4d9b97\" data-element_type=\"widget\" data-widget_type=\"text-editor.default\">\n\t\t\t\t<div class=\"elementor-widget-container\">\n\t\t\t<style>\/*! elementor - v3.8.1 - 13-11-2022 *\/\n.elementor-widget-text-editor.elementor-drop-cap-view-stacked .elementor-drop-cap{background-color:#818a91;color:#fff}.elementor-widget-text-editor.elementor-drop-cap-view-framed .elementor-drop-cap{color:#818a91;border:3px solid;background-color:transparent}.elementor-widget-text-editor:not(.elementor-drop-cap-view-default) .elementor-drop-cap{margin-top:8px}.elementor-widget-text-editor:not(.elementor-drop-cap-view-default) .elementor-drop-cap-letter{width:1em;height:1em}.elementor-widget-text-editor .elementor-drop-cap{float:left;text-align:center;line-height:1;font-size:50px}.elementor-widget-text-editor .elementor-drop-cap-letter{display:inline-block}<\/style>\t\t\t\t<p>Notre assistante sociale, Madame GRANDJEAN, participe au projet \u00ab Kf\u00e9 alternatif \u00bb les mercredis matin \u00e0 l&rsquo;espace Alternatif\u00a0 de Couvin. (derri\u00e8re la Couvinoise)<\/p><p>\u00a0<\/p><p>Ce projet consiste en l\u2019ouverture d\u2019un lieu de rencontre convivial et familial pour tous citoyens de l\u2019entit\u00e9 de Couvin o\u00f9 un petit d\u00e9jeuner gratuit est propos\u00e9.<\/p><p>Une donnerie est \u00e9galement mise \u00e0 disposition des participants ainsi qu\u2019un collaborateur informaticien avec qui vous pouvez r\u00e9aliser certaines d\u00e9marches sur un ordinateur.<\/p><p>De plus, depuis peu, certaines semaines sont consacr\u00e9es aux jeux de soci\u00e9t\u00e9, atelier bricolage, une recette du jour, une information sociale diverse&#8230;<\/p><p>Si vous aimez discuter, jouer, d\u00e9couvrir de nouvelles personnes ou si vous avez simplement envie de passer le temps autour d\u2019un bon caf\u00e9, n\u2019h\u00e9sitez plus et venez nous rencontrer<\/p>\t\t\t\t\t\t<\/div>\n\t\t\t\t<\/div>\n\t\t\t\t\t<\/div>\n\t\t<\/div>\n\t\t\t\t<div class=\"elementor-column elementor-col-50 elementor-top-column elementor-element elementor-element-fe080a9\" data-id=\"fe080a9\" data-element_type=\"column\">\n\t\t\t<div class=\"elementor-widget-wrap elementor-element-populated\">\n\t\t\t\t\t\t\t\t<div class=\"elementor-element elementor-element-7694fab elementor-widget elementor-widget-image\" data-id=\"7694fab\" data-element_type=\"widget\" data-widget_type=\"image.default\">\n\t\t\t\t<div class=\"elementor-widget-container\">\n\t\t\t<style>\/*! elementor - v3.8.1 - 13-11-2022 *\/\n.elementor-widget-image{text-align:center}.elementor-widget-image a{display:inline-block}.elementor-widget-image a img[src$=\".svg\"]{width:48px}.elementor-widget-image img{vertical-align:middle;display:inline-block}<\/style>\t\t\t\t\t\t\t\t\t\t\t\t<img loading=\"lazy\" decoding=\"async\" width=\"724\" height=\"1024\" src=\"https:\/\/lerepitasbl.be\/wp-content\/uploads\/2024\/03\/Le-Kafe-Alternatif-reprend--724x1024.png\" class=\"attachment-large size-large\" alt=\"\" srcset=\"https:\/\/lerepitasbl.be\/wp-content\/uploads\/2024\/03\/Le-Kafe-Alternatif-reprend--724x1024.png 724w, https:\/\/lerepitasbl.be\/wp-content\/uploads\/2024\/03\/Le-Kafe-Alternatif-reprend--212x300.png 212w, https:\/\/lerepitasbl.be\/wp-content\/uploads\/2024\/03\/Le-Kafe-Alternatif-reprend--768x1086.png 768w, https:\/\/lerepitasbl.be\/wp-content\/uploads\/2024\/03\/Le-Kafe-Alternatif-reprend--1086x1536.png 1086w, https:\/\/lerepitasbl.be\/wp-content\/uploads\/2024\/03\/Le-Kafe-Alternatif-reprend--1448x2048.png 1448w, https:\/\/lerepitasbl.be\/wp-content\/uploads\/2024\/03\/Le-Kafe-Alternatif-reprend-.png 1587w\" sizes=\"auto, (max-width: 724px) 100vw, 724px\" \/>\t\t\t\t\t\t\t\t\t\t\t\t\t\t\t<\/div>\n\t\t\t\t<\/div>\n\t\t\t\t\t<\/div>\n\t\t<\/div>\n\t\t\t\t\t\t\t<\/div>\n\t\t<\/section>\n\t\t\t\t\t\t\t<\/div>\n\t\t","protected":false},"excerpt":{"rendered":"<p>Notre assistante sociale, Madame GRANDJEAN, participe au projet \u00ab Kf\u00e9 alternatif \u00bb les mercredis matin \u00e0 l&rsquo;espace Alternatif\u00a0 de Couvin. (derri\u00e8re la Couvinoise) \u00a0 Ce projet consiste en l\u2019ouverture d\u2019un lieu de rencontre convivial et familial pour tous citoyens de l\u2019entit\u00e9 de Couvin o\u00f9 un petit d\u00e9jeuner gratuit est propos\u00e9. Une donnerie est \u00e9galement mise [&hellip;]<\/p>\n","protected":false},"author":3,"featured_media":0,"parent":0,"menu_order":0,"comment_status":"closed","ping_status":"closed","template":"","meta":{"footnotes":""},"class_list":["post-194","page","type-page","status-publish","hentry"],"_links":{"self":[{"href":"https:\/\/lerepitasbl.be\/index.php\/wp-json\/wp\/v2\/pages\/194","targetHints":{"allow":["GET"]}}],"collection":[{"href":"https:\/\/lerepitasbl.be\/index.php\/wp-json\/wp\/v2\/pages"}],"about":[{"href":"https:\/\/lerepitasbl.be\/index.php\/wp-json\/wp\/v2\/types\/page"}],"author":[{"embeddable":true,"href":"https:\/\/lerepitasbl.be\/index.php\/wp-json\/wp\/v2\/users\/3"}],"replies":[{"embeddable":true,"href":"https:\/\/lerepitasbl.be\/index.php\/wp-json\/wp\/v2\/comments?post=194"}],"version-history":[{"count":7,"href":"https:\/\/lerepitasbl.be\/index.php\/wp-json\/wp\/v2\/pages\/194\/revisions"}],"predecessor-version":[{"id":316,"href":"https:\/\/lerepitasbl.be\/index.php\/wp-json\/wp\/v2\/pages\/194\/revisions\/316"}],"wp:attachment":[{"href":"https:\/\/lerepitasbl.be\/index.php\/wp-json\/wp\/v2\/media?parent=194"}],"curies":[{"name":"wp","href":"https:\/\/api.w.org\/{rel}","templated":true}]}}